{"id":373,"date":"2024-02-26T17:25:33","date_gmt":"2024-02-26T16:25:33","guid":{"rendered":"https:\/\/casinomiddelkerkebetfirst.be\/?page_id=373"},"modified":"2024-08-27T00:21:53","modified_gmt":"2024-08-26T22:21:53","slug":"sitemap","status":"publish","type":"page","link":"https:\/\/casinomiddelkerkebetfirst.be\/fr\/plan-du-site\/","title":{"rendered":"Plan du site"},"content":{"rendered":"<div data-elementor-type=\"wp-page\" data-elementor-id=\"373\" class=\"elementor elementor-373\" data-elementor-post-type=\"page\">\n\t\t\t\t<div class=\"elementor-element elementor-element-ad16903 e-flex e-con-boxed e-con e-parent\" data-id=\"ad16903\" data-element_type=\"container\" data-e-type=\"container\">\n\t\t\t\t\t<div class=\"e-con-inner\">\n\t\t\t\t<div class=\"elementor-element elementor-element-77db25c elementor-widget elementor-widget-heading\" data-id=\"77db25c\" data-element_type=\"widget\" data-e-type=\"widget\" data-widget_type=\"heading.default\">\n\t\t\t\t<div class=\"elementor-widget-container\">\n\t\t\t\t\t<h1 class=\"elementor-heading-title elementor-size-default\">Plan du site<\/h1>\t\t\t\t<\/div>\n\t\t\t\t<\/div>\n\t\t\t\t<div class=\"elementor-element elementor-element-fa4061a elementor-widget elementor-widget-sitemap\" data-id=\"fa4061a\" data-element_type=\"widget\" data-e-type=\"widget\" data-widget_type=\"sitemap.default\">\n\t\t\t\t<div class=\"elementor-widget-container\">\n\t\t\t\t\t<div class=\"elementor-sitemap-wrap\"><div class=\"elementor-sitemap-section\"><h2 class=\"elementor-sitemap-title elementor-sitemap-page-title\">Pages<\/h2><ul class=\"elementor-sitemap-list elementor-sitemap-page-list\"><li class=\"elementor-sitemap-item elementor-sitemap-item-page page_item page-item-371\"><a href=\"https:\/\/casinomiddelkerkebetfirst.be\/fr\/conditions-generales\/\">Conditions g\u00e9n\u00e9rales d'utilisation<\/a><\/li><li class=\"elementor-sitemap-item elementor-sitemap-item-page page_item page-item-3650\"><a href=\"https:\/\/casinomiddelkerkebetfirst.be\/fr\/arrangements\/\">Arrangements<\/a><\/li><li class=\"elementor-sitemap-item elementor-sitemap-item-page page_item page-item-2011\"><a href=\"https:\/\/casinomiddelkerkebetfirst.be\/fr\/contact\/merci\/\">Remerciements<\/a><\/li><li class=\"elementor-sitemap-item elementor-sitemap-item-page page_item page-item-2017\"><a href=\"https:\/\/casinomiddelkerkebetfirst.be\/fr\/postes-vacants\/merci-2\/\">Remerciements<\/a><\/li><li class=\"elementor-sitemap-item elementor-sitemap-item-page page_item page-item-840\"><a href=\"https:\/\/casinomiddelkerkebetfirst.be\/fr\/casino\/blackjack\/\">Blackjack<\/a><\/li><li class=\"elementor-sitemap-item elementor-sitemap-item-page page_item page-item-3864\"><a href=\"https:\/\/casinomiddelkerkebetfirst.be\/fr\/cabaret\/\">Cabaret - Red Velvet Nights<\/a><\/li><li class=\"elementor-sitemap-item elementor-sitemap-item-page page_item page-item-22\"><a href=\"https:\/\/casinomiddelkerkebetfirst.be\/fr\/casino\/\">Casino<\/a><\/li><li class=\"elementor-sitemap-item elementor-sitemap-item-page page_item page-item-3705\"><a href=\"https:\/\/casinomiddelkerkebetfirst.be\/fr\/club-maintenant\/\">Club NU<\/a><\/li><li class=\"elementor-sitemap-item elementor-sitemap-item-page page_item page-item-76\"><a href=\"https:\/\/casinomiddelkerkebetfirst.be\/fr\/contact\/\">Contact<\/a><\/li><li class=\"elementor-sitemap-item elementor-sitemap-item-page page_item page-item-3622\"><a href=\"https:\/\/casinomiddelkerkebetfirst.be\/fr\/casino\/blackjack-electronique\/\">Blackjack \u00e9lectronique<\/a><\/li><li class=\"elementor-sitemap-item elementor-sitemap-item-page page_item page-item-26\"><a href=\"https:\/\/casinomiddelkerkebetfirst.be\/fr\/evenements\/\">Ev\u00e9nements<\/a><\/li><li class=\"elementor-sitemap-item elementor-sitemap-item-page page_item page-item-3178\"><a href=\"https:\/\/casinomiddelkerkebetfirst.be\/fr\/faq\/\">FAQ<\/a><\/li><li class=\"elementor-sitemap-item elementor-sitemap-item-page page_item page-item-2532\"><a href=\"https:\/\/casinomiddelkerkebetfirst.be\/fr\/jazz\/\">Brothers De Songs<\/a><\/li><li class=\"elementor-sitemap-item elementor-sitemap-item-page page_item page-item-2513\"><a href=\"https:\/\/casinomiddelkerkebetfirst.be\/fr\/cadeau\/\">Cadeau<\/a><\/li><li class=\"elementor-sitemap-item elementor-sitemap-item-page page_item page-item-2970\"><a href=\"https:\/\/casinomiddelkerkebetfirst.be\/fr\/cadeau-merci\/\">Remerciements<\/a><\/li><li class=\"elementor-sitemap-item elementor-sitemap-item-page page_item page-item-20\"><a href=\"https:\/\/casinomiddelkerkebetfirst.be\/fr\/\">Accueil<\/a><\/li><li class=\"elementor-sitemap-item elementor-sitemap-item-page page_item page-item-4101\"><a href=\"https:\/\/casinomiddelkerkebetfirst.be\/fr\/maison-fiat-500\/\">Accueil - Fiat 500<\/a><\/li><li class=\"elementor-sitemap-item elementor-sitemap-item-page page_item page-item-4184\"><a href=\"https:\/\/casinomiddelkerkebetfirst.be\/fr\/location-de-salles-de-cabaret\/\">Location d'une salle de cabaret<\/a><\/li><li class=\"elementor-sitemap-item elementor-sitemap-item-page page_item page-item-3576\"><a href=\"https:\/\/casinomiddelkerkebetfirst.be\/fr\/enregistrement-test-tactile-buffet\/\">Inscription Cabaret 11\/01<\/a><\/li><li class=\"elementor-sitemap-item elementor-sitemap-item-page page_item page-item-3575\"><a href=\"https:\/\/casinomiddelkerkebetfirst.be\/fr\/enregistrement-de-louverture-officielle\/\">Ouverture de l'inscription<\/a><\/li><li class=\"elementor-sitemap-item elementor-sitemap-item-page page_item page-item-3620\"><a href=\"https:\/\/casinomiddelkerkebetfirst.be\/fr\/ouverture-douce-et-tendre\/\">Inscription \u00e0 la soft opening<\/a><\/li><li class=\"elementor-sitemap-item elementor-sitemap-item-page page_item page-item-3120\"><a href=\"https:\/\/casinomiddelkerkebetfirst.be\/fr\/jovally-2\/\">Jo Vally<\/a><\/li><li class=\"elementor-sitemap-item elementor-sitemap-item-page page_item page-item-3586\"><a href=\"https:\/\/casinomiddelkerkebetfirst.be\/fr\/nouvelles\/\">Actualit\u00e9s<\/a><\/li><li class=\"elementor-sitemap-item elementor-sitemap-item-page page_item page-item-3539\"><a href=\"https:\/\/casinomiddelkerkebetfirst.be\/fr\/bulletin-dinformation\/\">Bulletin d'information<\/a><\/li><li class=\"elementor-sitemap-item elementor-sitemap-item-page page_item page-item-3176\"><a href=\"https:\/\/casinomiddelkerkebetfirst.be\/fr\/heures-douverture\/\">Heures d'ouverture<\/a><\/li><li class=\"elementor-sitemap-item elementor-sitemap-item-page page_item page-item-30\"><a href=\"https:\/\/casinomiddelkerkebetfirst.be\/fr\/stationnement\/\">Parking<\/a><\/li><li class=\"elementor-sitemap-item elementor-sitemap-item-page page_item page-item-3280\"><a href=\"https:\/\/casinomiddelkerkebetfirst.be\/fr\/joueur-plus\/\">Players Plus<\/a><\/li><li class=\"elementor-sitemap-item elementor-sitemap-item-page page_item page-item-3564\"><a href=\"https:\/\/casinomiddelkerkebetfirst.be\/fr\/pokahrome-middelkerke\/\">Pokerroom Middelkerke<\/a><\/li><li class=\"elementor-sitemap-item elementor-sitemap-item-page page_item page-item-369\"><a href=\"https:\/\/casinomiddelkerkebetfirst.be\/fr\/politique-de-confidentialite\/\">Vie priv\u00e9e<\/a><\/li><li class=\"elementor-sitemap-item elementor-sitemap-item-page page_item page-item-32\"><a href=\"https:\/\/casinomiddelkerkebetfirst.be\/fr\/livre\/\">R\u00e9servation<\/a><\/li><li class=\"elementor-sitemap-item elementor-sitemap-item-page page_item page-item-832\"><a href=\"https:\/\/casinomiddelkerkebetfirst.be\/fr\/casino\/roulette\/\">Roulette<\/a><\/li><li class=\"elementor-sitemap-item elementor-sitemap-item-page page_item page-item-373\"><a href=\"https:\/\/casinomiddelkerkebetfirst.be\/fr\/plan-du-site\/\">Plan du site<\/a><\/li><li class=\"elementor-sitemap-item elementor-sitemap-item-page page_item page-item-836\"><a href=\"https:\/\/casinomiddelkerkebetfirst.be\/fr\/casino\/creneaux\/\">Machines \u00e0 sous<\/a><\/li><li class=\"elementor-sitemap-item elementor-sitemap-item-page page_item page-item-3258\"><a href=\"https:\/\/casinomiddelkerkebetfirst.be\/fr\/test\/\">Test<\/a><\/li><li class=\"elementor-sitemap-item elementor-sitemap-item-page page_item page-item-3366\"><a href=\"https:\/\/casinomiddelkerkebetfirst.be\/fr\/train-et-tramway\/\">Train et tram<\/a><\/li><li class=\"elementor-sitemap-item elementor-sitemap-item-page page_item page-item-641\"><a href=\"https:\/\/casinomiddelkerkebetfirst.be\/fr\/postes-vacants\/\">Postes vacants<\/a><\/li><li class=\"elementor-sitemap-item elementor-sitemap-item-page page_item page-item-3487\"><a href=\"https:\/\/casinomiddelkerkebetfirst.be\/fr\/reglement-du-concours-digital-egg\/\">R\u00e8glement du concours digital egg<\/a><\/li><li class=\"elementor-sitemap-item elementor-sitemap-item-page page_item page-item-3637\"><a href=\"https:\/\/casinomiddelkerkebetfirst.be\/fr\/zjino\/\">Zj\u00ecno - L'Atelier des saveurs au bord de la mer<\/a><\/li><li class=\"elementor-sitemap-item elementor-sitemap-item-page page_item page-item-3774\"><a href=\"https:\/\/casinomiddelkerkebetfirst.be\/fr\/creneaux-2\/\">Zj\u00ecno Bar<\/a><\/li><\/ul><\/div><div class=\"elementor-sitemap-section\"><h2 class=\"elementor-sitemap-title elementor-sitemap-vacature-title\">Postes vacants<\/h2><ul class=\"elementor-sitemap-list elementor-sitemap-vacature-list\"><li class=\"elementor-sitemap-item elementor-sitemap-item-vacature page_item page-item-4169\"><a href=\"https:\/\/casinomiddelkerkebetfirst.be\/fr\/vacature\/chargee-daccueil-recherchee-flexi\/\">R\u00e9ceptionniste recherch\u00e9 (FLEXI)<\/a><\/li><li class=\"elementor-sitemap-item elementor-sitemap-item-vacature page_item page-item-4154\"><a href=\"https:\/\/casinomiddelkerkebetfirst.be\/fr\/vacature\/evenements-marketing-pour-les-etudiants\/\">Marketing et \u00e9v\u00e9nements pour les \u00e9tudiants<\/a><\/li><li class=\"elementor-sitemap-item elementor-sitemap-item-vacature page_item page-item-3785\"><a href=\"https:\/\/casinomiddelkerkebetfirst.be\/fr\/vacature\/croupiers-m-v\/\">Croupiers (m\/f)\u00a0<\/a><\/li><li class=\"elementor-sitemap-item elementor-sitemap-item-vacature page_item page-item-3783\"><a href=\"https:\/\/casinomiddelkerkebetfirst.be\/fr\/vacature\/comptable-2\/\">Responsable de la comptabilit\u00e9 et de l'administration<\/a><\/li><li class=\"elementor-sitemap-item elementor-sitemap-item-vacature page_item page-item-3719\"><a href=\"https:\/\/casinomiddelkerkebetfirst.be\/fr\/vacature\/chef-de-cuisine-m-v-x\/\">Cuisinier avec exp\u00e9rience (m\/v\/x)<\/a><\/li><li class=\"elementor-sitemap-item elementor-sitemap-item-vacature page_item page-item-1233\"><a href=\"https:\/\/casinomiddelkerkebetfirst.be\/fr\/vacature\/serveur-temps-plein-ou-flexi-m-v-x\/\">Serveur (temps plein - flexi - \u00e9tudiant)<\/a><\/li><\/ul><\/div><\/div>\t\t\t\t<\/div>\n\t\t\t\t<\/div>\n\t\t\t\t\t<\/div>\n\t\t\t\t<\/div>\n\t\t\t\t<\/div>","protected":false},"excerpt":{"rendered":"<p>Plan du site<\/p>","protected":false},"author":2,"featured_media":1477,"parent":0,"menu_order":0,"comment_status":"closed","ping_status":"closed","template":"","meta":{"iawp_total_views":130,"footnotes":""},"class_list":["post-373","page","type-page","status-publish","has-post-thumbnail","hentry"],"_links":{"self":[{"href":"https:\/\/casinomiddelkerkebetfirst.be\/fr\/wp-json\/wp\/v2\/pages\/373","targetHints":{"allow":["GET"]}}],"collection":[{"href":"https:\/\/casinomiddelkerkebetfirst.be\/fr\/wp-json\/wp\/v2\/pages"}],"about":[{"href":"https:\/\/casinomiddelkerkebetfirst.be\/fr\/wp-json\/wp\/v2\/types\/page"}],"author":[{"embeddable":true,"href":"https:\/\/casinomiddelkerkebetfirst.be\/fr\/wp-json\/wp\/v2\/users\/2"}],"replies":[{"embeddable":true,"href":"https:\/\/casinomiddelkerkebetfirst.be\/fr\/wp-json\/wp\/v2\/comments?post=373"}],"version-history":[{"count":0,"href":"https:\/\/casinomiddelkerkebetfirst.be\/fr\/wp-json\/wp\/v2\/pages\/373\/revisions"}],"wp:featuredmedia":[{"embeddable":true,"href":"https:\/\/casinomiddelkerkebetfirst.be\/fr\/wp-json\/wp\/v2\/media\/1477"}],"wp:attachment":[{"href":"https:\/\/casinomiddelkerkebetfirst.be\/fr\/wp-json\/wp\/v2\/media?parent=373"}],"curies":[{"name":"wp","href":"https:\/\/api.w.org\/{rel}","templated":true}]}}