{"id":3564,"date":"2025-05-02T14:23:21","date_gmt":"2025-05-02T12:23:21","guid":{"rendered":"https:\/\/casinomiddelkerkebetfirst.be\/?page_id=3564"},"modified":"2026-04-07T18:14:10","modified_gmt":"2026-04-07T16:14:10","slug":"pokerroom-middelkerke","status":"publish","type":"page","link":"https:\/\/casinomiddelkerkebetfirst.be\/fr\/pokahrome-middelkerke\/","title":{"rendered":"Salle de poker Middelkerke"},"content":{"rendered":"<div data-elementor-type=\"wp-page\" data-elementor-id=\"3564\" class=\"elementor elementor-3564\" data-elementor-post-type=\"page\">\n\t\t\t\t<div class=\"elementor-element elementor-element-c1e322f e-flex e-con-boxed e-con e-parent\" data-id=\"c1e322f\" data-element_type=\"container\" data-e-type=\"container\">\n\t\t\t\t\t<div class=\"e-con-inner\">\n\t\t\t\t<div class=\"elementor-element elementor-element-097a1eb elementor-widget__width-initial elementor-widget elementor-widget-image\" data-id=\"097a1eb\" data-element_type=\"widget\" data-e-type=\"widget\" data-widget_type=\"image.default\">\n\t\t\t\t<div class=\"elementor-widget-container\">\n\t\t\t\t\t\t\t\t\t\t\t\t\t\t\t<img decoding=\"async\" width=\"30\" height=\"30\" data-src=\"https:\/\/casinomiddelkerkebetfirst.be\/wp-content\/uploads\/2024\/02\/chip.svg\" class=\"attachment-large size-large wp-image-604 lazyload\" alt=\"\" src=\"data:image\/svg+xml;base64,PHN2ZyB3aWR0aD0iMSIgaGVpZ2h0PSIxIiB4bWxucz0iaHR0cDovL3d3dy53My5vcmcvMjAwMC9zdmciPjwvc3ZnPg==\" style=\"--smush-placeholder-width: 30px; --smush-placeholder-aspect-ratio: 30\/30;\">\t\t\t\t\t\t\t\t\t\t\t\t\t\t\t<\/div>\n\t\t\t\t<\/div>\n\t\t\t\t<div class=\"elementor-element elementor-element-16d45db elementor-widget__width-initial elementor-widget elementor-widget-heading\" data-id=\"16d45db\" data-element_type=\"widget\" data-e-type=\"widget\" data-widget_type=\"heading.default\">\n\t\t\t\t<div class=\"elementor-widget-container\">\n\t\t\t\t\t<h1 class=\"elementor-heading-title elementor-size-default\">Salle de poker Middelkerke<\/h1>\t\t\t\t<\/div>\n\t\t\t\t<\/div>\n\t\t\t\t\t<\/div>\n\t\t\t\t<\/div>\n\t\t<div class=\"elementor-element elementor-element-b51275a e-flex e-con-boxed e-con e-parent\" data-id=\"b51275a\" data-element_type=\"container\" data-e-type=\"container\">\n\t\t\t\t\t<div class=\"e-con-inner\">\n\t\t<div class=\"elementor-element elementor-element-ad16d21 e-con-full e-flex e-con e-child\" data-id=\"ad16d21\" data-element_type=\"container\" data-e-type=\"container\">\n\t\t\t\t<div class=\"elementor-element elementor-element-833e5f7 elementor-widget__width-initial elementor-widget elementor-widget-text-editor\" data-id=\"833e5f7\" data-element_type=\"widget\" data-e-type=\"widget\" data-widget_type=\"text-editor.default\">\n\t\t\t\t<div class=\"elementor-widget-container\">\n\t\t\t\t\t\t\t\t\t<p style=\"text-align: center;\"><br \/>Chaque trimestre, nous organisons des \u00e9v\u00e9nements sp\u00e9ciaux de poker avec des formules vari\u00e9es et des moments exclusifs \u00e0 nos tables.<br \/><br \/><\/p><p style=\"text-align: center;\">D\u00e9couvrez nos prochaines dates et nouveaut\u00e9s :<br \/><br \/><\/p><h4 class=\"x_elementToProof\" style=\"text-align: center;\"><b data-olk-copy-source=\"MessageBody\"><img decoding=\"async\" class=\"emoji lazyload\" role=\"img\" draggable=\"false\" data-src=\"https:\/\/s.w.org\/images\/core\/emoji\/17.0.2\/svg\/1f4c5.svg\" alt=\"\ud83d\udcc5\" src=\"data:image\/svg+xml;base64,PHN2ZyB3aWR0aD0iMSIgaGVpZ2h0PSIxIiB4bWxucz0iaHR0cDovL3d3dy53My5vcmcvMjAwMC9zdmciPjwvc3ZnPg==\" \/> Restez inform\u00e9s<br \/><\/b><\/h4><p style=\"text-align: center;\"><b>Cette page<\/b>, mise \u00e0 jour avant chaque trimestre<\/p><p style=\"text-align: center;\"><b><a href=\"https:\/\/chat.whatsapp.com\/FNpKqS7Z2GzEJUFGSziTVm\" target=\"_blank\" rel=\"noopener\">WhatsApp<\/a><\/b><\/p><p style=\"text-align: center;\"><b><a href=\"https:\/\/www.facebook.com\/CasinoMiddelkerkeBetfirst\/\" target=\"_blank\" rel=\"noopener\">Facebook<\/a><\/b><\/p><p style=\"text-align: center;\"><b><a href=\"https:\/\/www.instagram.com\/casinomiddelkerkebetfirst\/\" target=\"_blank\" rel=\"noopener\">Instagram<\/a><\/b><\/p><p class=\"x_elementToProof\" style=\"text-align: center;\">Rejoignez notre communaut\u00e9 et profitez de votre prochain grand moment de poker !<\/p><div>\u00a0<\/div><div>\u00a0<\/div>\t\t\t\t\t\t\t\t<\/div>\n\t\t\t\t<\/div>\n\t\t\t\t<\/div>\n\t\t\t\t\t<\/div>\n\t\t\t\t<\/div>\n\t\t\t\t<\/div>","protected":false},"excerpt":{"rendered":"<p>Pokerroom Middelkerke Elk kwartaal organiseren wij\u00a0speciale pokerevenementen\u00a0met gevarieerde formules en exclusieve momenten aan onze tafels. Ontdek onze komende data en nieuwigheden: Blijf op de hoogte Deze pagina, elk kwartaal bijgewerkt WhatsApp Facebook Instagram Sluit je aan bij onze community en geniet van jouw volgende grote pokermoment! \u00a0\u00a0<\/p>","protected":false},"author":12,"featured_media":3566,"parent":0,"menu_order":0,"comment_status":"closed","ping_status":"closed","template":"","meta":{"iawp_total_views":23636,"footnotes":""},"class_list":["post-3564","page","type-page","status-publish","has-post-thumbnail","hentry"],"_links":{"self":[{"href":"https:\/\/casinomiddelkerkebetfirst.be\/fr\/wp-json\/wp\/v2\/pages\/3564","targetHints":{"allow":["GET"]}}],"collection":[{"href":"https:\/\/casinomiddelkerkebetfirst.be\/fr\/wp-json\/wp\/v2\/pages"}],"about":[{"href":"https:\/\/casinomiddelkerkebetfirst.be\/fr\/wp-json\/wp\/v2\/types\/page"}],"author":[{"embeddable":true,"href":"https:\/\/casinomiddelkerkebetfirst.be\/fr\/wp-json\/wp\/v2\/users\/12"}],"replies":[{"embeddable":true,"href":"https:\/\/casinomiddelkerkebetfirst.be\/fr\/wp-json\/wp\/v2\/comments?post=3564"}],"version-history":[{"count":0,"href":"https:\/\/casinomiddelkerkebetfirst.be\/fr\/wp-json\/wp\/v2\/pages\/3564\/revisions"}],"wp:featuredmedia":[{"embeddable":true,"href":"https:\/\/casinomiddelkerkebetfirst.be\/fr\/wp-json\/wp\/v2\/media\/3566"}],"wp:attachment":[{"href":"https:\/\/casinomiddelkerkebetfirst.be\/fr\/wp-json\/wp\/v2\/media?parent=3564"}],"curies":[{"name":"wp","href":"https:\/\/api.w.org\/{rel}","templated":true}]}}