{"id":32,"date":"2024-02-26T13:31:17","date_gmt":"2024-02-26T12:31:17","guid":{"rendered":"https:\/\/casinomiddelkerkebetfirst.be\/?page_id=32"},"modified":"2025-11-24T10:29:46","modified_gmt":"2025-11-24T09:29:46","slug":"reserveer","status":"publish","type":"page","link":"https:\/\/casinomiddelkerkebetfirst.be\/fr\/livre\/","title":{"rendered":"R\u00e9servation"},"content":{"rendered":"<div data-elementor-type=\"wp-page\" data-elementor-id=\"32\" class=\"elementor elementor-32\" data-elementor-post-type=\"page\">\n\t\t\t\t<div class=\"elementor-element elementor-element-cbaa1b6 e-flex e-con-boxed e-con e-parent\" data-id=\"cbaa1b6\" data-element_type=\"container\" data-e-type=\"container\">\n\t\t\t\t\t<div class=\"e-con-inner\">\n\t\t<div class=\"elementor-element elementor-element-26176de e-con-full e-flex e-con e-child\" data-id=\"26176de\" data-element_type=\"container\" data-e-type=\"container\">\n\t\t\t\t<div class=\"elementor-element elementor-element-27343d9 elementor-widget__width-initial elementor-widget elementor-widget-image\" data-id=\"27343d9\" data-element_type=\"widget\" data-e-type=\"widget\" data-widget_type=\"image.default\">\n\t\t\t\t<div class=\"elementor-widget-container\">\n\t\t\t\t\t\t\t\t\t\t\t\t\t\t\t<img decoding=\"async\" width=\"32\" height=\"32\" data-src=\"https:\/\/casinomiddelkerkebetfirst.be\/wp-content\/uploads\/2024\/02\/phone-chip-5dcfa422.svg\" class=\"attachment-large size-large wp-image-640 lazyload\" alt=\"\" src=\"data:image\/svg+xml;base64,PHN2ZyB3aWR0aD0iMSIgaGVpZ2h0PSIxIiB4bWxucz0iaHR0cDovL3d3dy53My5vcmcvMjAwMC9zdmciPjwvc3ZnPg==\" style=\"--smush-placeholder-width: 32px; --smush-placeholder-aspect-ratio: 32\/32;\">\t\t\t\t\t\t\t\t\t\t\t\t\t\t\t<\/div>\n\t\t\t\t<\/div>\n\t\t\t\t<div class=\"elementor-element elementor-element-ccae7b9 elementor-widget__width-initial elementor-widget elementor-widget-heading\" data-id=\"ccae7b9\" data-element_type=\"widget\" data-e-type=\"widget\" data-widget_type=\"heading.default\">\n\t\t\t\t<div class=\"elementor-widget-container\">\n\t\t\t\t\t<h1 class=\"elementor-heading-title elementor-size-default\">R\u00e9servation<\/h1>\t\t\t\t<\/div>\n\t\t\t\t<\/div>\n\t\t\t\t<\/div>\n\t\t\t\t\t<\/div>\n\t\t\t\t<\/div>\n\t\t<div class=\"elementor-element elementor-element-a7bb654 e-grid e-con-boxed e-con e-parent\" data-id=\"a7bb654\" data-element_type=\"container\" data-e-type=\"container\">\n\t\t\t\t\t<div class=\"e-con-inner\">\n\t\t<a class=\"elementor-element elementor-element-b915f2f e-con-full e-flex e-con e-child\" data-id=\"b915f2f\" data-element_type=\"container\" data-e-type=\"container\" data-settings=\"{&quot;background_background&quot;:&quot;classic&quot;}\" href=\"https:\/\/casinomiddelkerkebetfirst.be\/fr\/zjino\/\">\n\t\t\t\t<div class=\"elementor-element elementor-element-c2ab50d elementor-view-stacked elementor-position-inline-end elementor-widget__width-initial knop-wit-zwart afbeelding-hoeken elementor-mobile-position-inline-end elementor-absolute elementor-shape-circle elementor-widget elementor-widget-icon-box\" data-id=\"c2ab50d\" data-element_type=\"widget\" data-e-type=\"widget\" data-settings=\"{&quot;_position&quot;:&quot;absolute&quot;}\" data-widget_type=\"icon-box.default\">\n\t\t\t\t<div class=\"elementor-widget-container\">\n\t\t\t\t\t\t\t<div class=\"elementor-icon-box-wrapper\">\n\n\t\t\t\t\t\t<div class=\"elementor-icon-box-icon\">\n\t\t\t\t<span  class=\"elementor-icon\">\n\t\t\t\t<svg xmlns=\"http:\/\/www.w3.org\/2000\/svg\" xmlns:xlink=\"http:\/\/www.w3.org\/1999\/xlink\" id=\"Laag_1\" width=\"349\" height=\"349\" viewbox=\"0 0 349 349\"><defs><style>.cls-1{clip-path:url(#clippath-1);}.cls-2{clip-path:url(#clippath);}.cls-3{fill:none;}<\/style><clippath id=\"clippath\"><rect class=\"cls-3\" width=\"349\" height=\"349\"><\/rect><\/clippath><clippath id=\"clippath-1\"><rect class=\"cls-3\" x=\"-192.86\" y=\"-213.86\" width=\"755.71\" height=\"755.71\" transform=\"translate(-61.78 178.85) rotate(-45)\"><\/rect><\/clippath><\/defs><g class=\"cls-2\"><g class=\"cls-1\"><path d=\"m342.39,6.61l-35.9-.84L87.4.43l-1.84,75.31,131.09,3.17L.9,294.66l53.44,53.44,215.75-215.75,3.17,131.09,75.31-1.84-5.34-219.09-.84-35.91Z\"><\/path><\/g><\/g><\/svg>\t\t\t\t<\/span>\n\t\t\t<\/div>\n\t\t\t\n\t\t\t\t\t\t<div class=\"elementor-icon-box-content\">\n\n\t\t\t\t\t\t\t\t\t<span class=\"elementor-icon-box-title\">\n\t\t\t\t\t\t<span  >\n\t\t\t\t\t\t\tR\u00e9servation\t\t\t\t\t\t<\/span>\n\t\t\t\t\t<\/span>\n\t\t\t\t\n\t\t\t\t\n\t\t\t<\/div>\n\t\t\t\n\t\t<\/div>\n\t\t\t\t\t\t<\/div>\n\t\t\t\t<\/div>\n\t\t\t\t<\/a>\n\t\t<a class=\"elementor-element elementor-element-45f9b8e e-con-full e-flex e-con e-child\" data-id=\"45f9b8e\" data-element_type=\"container\" data-e-type=\"container\" data-settings=\"{&quot;background_background&quot;:&quot;classic&quot;}\" href=\"https:\/\/casinomiddelkerkebetfirst.be\/fr\/cabaret\/\">\n\t\t\t\t<div class=\"elementor-element elementor-element-94f5317 elementor-widget elementor-widget-heading\" data-id=\"94f5317\" data-element_type=\"widget\" data-e-type=\"widget\" data-widget_type=\"heading.default\">\n\t\t\t\t<div class=\"elementor-widget-container\">\n\t\t\t\t\t<h2 class=\"elementor-heading-title elementor-size-default\">Cabaret<\/h2>\t\t\t\t<\/div>\n\t\t\t\t<\/div>\n\t\t\t\t<div class=\"elementor-element elementor-element-2840757 elementor-view-stacked elementor-position-inline-end elementor-widget__width-initial knop-wit-zwart afbeelding-hoeken elementor-mobile-position-inline-end elementor-absolute elementor-shape-circle elementor-widget elementor-widget-icon-box\" data-id=\"2840757\" data-element_type=\"widget\" data-e-type=\"widget\" data-settings=\"{&quot;_position&quot;:&quot;absolute&quot;}\" data-widget_type=\"icon-box.default\">\n\t\t\t\t<div class=\"elementor-widget-container\">\n\t\t\t\t\t\t\t<div class=\"elementor-icon-box-wrapper\">\n\n\t\t\t\t\t\t<div class=\"elementor-icon-box-icon\">\n\t\t\t\t<span  class=\"elementor-icon\">\n\t\t\t\t<svg xmlns=\"http:\/\/www.w3.org\/2000\/svg\" xmlns:xlink=\"http:\/\/www.w3.org\/1999\/xlink\" id=\"Laag_1\" width=\"349\" height=\"349\" viewbox=\"0 0 349 349\"><defs><style>.cls-1{clip-path:url(#clippath-1);}.cls-2{clip-path:url(#clippath);}.cls-3{fill:none;}<\/style><clippath id=\"clippath\"><rect class=\"cls-3\" width=\"349\" height=\"349\"><\/rect><\/clippath><clippath id=\"clippath-1\"><rect class=\"cls-3\" x=\"-192.86\" y=\"-213.86\" width=\"755.71\" height=\"755.71\" transform=\"translate(-61.78 178.85) rotate(-45)\"><\/rect><\/clippath><\/defs><g class=\"cls-2\"><g class=\"cls-1\"><path d=\"m342.39,6.61l-35.9-.84L87.4.43l-1.84,75.31,131.09,3.17L.9,294.66l53.44,53.44,215.75-215.75,3.17,131.09,75.31-1.84-5.34-219.09-.84-35.91Z\"><\/path><\/g><\/g><\/svg>\t\t\t\t<\/span>\n\t\t\t<\/div>\n\t\t\t\n\t\t\t\t\t\t<div class=\"elementor-icon-box-content\">\n\n\t\t\t\t\t\t\t\t\t<span class=\"elementor-icon-box-title\">\n\t\t\t\t\t\t<span  >\n\t\t\t\t\t\t\tCommander des billets\t\t\t\t\t\t<\/span>\n\t\t\t\t\t<\/span>\n\t\t\t\t\n\t\t\t\t\n\t\t\t<\/div>\n\t\t\t\n\t\t<\/div>\n\t\t\t\t\t\t<\/div>\n\t\t\t\t<\/div>\n\t\t\t\t<\/a>\n\t\t<a class=\"elementor-element elementor-element-72b424e e-con-full e-flex e-con e-child\" data-id=\"72b424e\" data-element_type=\"container\" data-e-type=\"container\" data-settings=\"{&quot;background_background&quot;:&quot;classic&quot;}\" href=\"https:\/\/casinomiddelkerkebetfirst.be\/fr\/arrangements\/\">\n\t\t\t\t<div class=\"elementor-element elementor-element-7c17686 elementor-widget elementor-widget-heading\" data-id=\"7c17686\" data-element_type=\"widget\" data-e-type=\"widget\" data-widget_type=\"heading.default\">\n\t\t\t\t<div class=\"elementor-widget-container\">\n\t\t\t\t\t<h2 class=\"elementor-heading-title elementor-size-default\">Arrangements<\/h2>\t\t\t\t<\/div>\n\t\t\t\t<\/div>\n\t\t\t\t<div class=\"elementor-element elementor-element-da54e9a elementor-view-stacked elementor-position-inline-end elementor-widget__width-initial knop-wit-zwart afbeelding-hoeken elementor-mobile-position-inline-end elementor-absolute elementor-shape-circle elementor-widget elementor-widget-icon-box\" data-id=\"da54e9a\" data-element_type=\"widget\" data-e-type=\"widget\" data-settings=\"{&quot;_position&quot;:&quot;absolute&quot;}\" data-widget_type=\"icon-box.default\">\n\t\t\t\t<div class=\"elementor-widget-container\">\n\t\t\t\t\t\t\t<div class=\"elementor-icon-box-wrapper\">\n\n\t\t\t\t\t\t<div class=\"elementor-icon-box-icon\">\n\t\t\t\t<span  class=\"elementor-icon\">\n\t\t\t\t<svg xmlns=\"http:\/\/www.w3.org\/2000\/svg\" xmlns:xlink=\"http:\/\/www.w3.org\/1999\/xlink\" id=\"Laag_1\" width=\"349\" height=\"349\" viewbox=\"0 0 349 349\"><defs><style>.cls-1{clip-path:url(#clippath-1);}.cls-2{clip-path:url(#clippath);}.cls-3{fill:none;}<\/style><clippath id=\"clippath\"><rect class=\"cls-3\" width=\"349\" height=\"349\"><\/rect><\/clippath><clippath id=\"clippath-1\"><rect class=\"cls-3\" x=\"-192.86\" y=\"-213.86\" width=\"755.71\" height=\"755.71\" transform=\"translate(-61.78 178.85) rotate(-45)\"><\/rect><\/clippath><\/defs><g class=\"cls-2\"><g class=\"cls-1\"><path d=\"m342.39,6.61l-35.9-.84L87.4.43l-1.84,75.31,131.09,3.17L.9,294.66l53.44,53.44,215.75-215.75,3.17,131.09,75.31-1.84-5.34-219.09-.84-35.91Z\"><\/path><\/g><\/g><\/svg>\t\t\t\t<\/span>\n\t\t\t<\/div>\n\t\t\t\n\t\t\t\t\t\t<div class=\"elementor-icon-box-content\">\n\n\t\t\t\t\t\t\t\t\t<span class=\"elementor-icon-box-title\">\n\t\t\t\t\t\t<span  >\n\t\t\t\t\t\t\tR\u00e9servation\t\t\t\t\t\t<\/span>\n\t\t\t\t\t<\/span>\n\t\t\t\t\n\t\t\t\t\n\t\t\t<\/div>\n\t\t\t\n\t\t<\/div>\n\t\t\t\t\t\t<\/div>\n\t\t\t\t<\/div>\n\t\t\t\t<\/a>\n\t\t\t\t\t<\/div>\n\t\t\t\t<\/div>\n\t\t<div class=\"elementor-element elementor-element-610bbd2 e-flex e-con-boxed e-con e-parent\" data-id=\"610bbd2\" data-element_type=\"container\" data-e-type=\"container\">\n\t\t\t\t\t<div class=\"e-con-inner\">\n\t\t\t\t<div class=\"elementor-element elementor-element-a15060a elementor-widget__width-initial elementor-widget elementor-widget-heading\" data-id=\"a15060a\" data-element_type=\"widget\" data-e-type=\"widget\" data-widget_type=\"heading.default\">\n\t\t\t\t<div class=\"elementor-widget-container\">\n\t\t\t\t\t<h2 class=\"elementor-heading-title elementor-size-default\">Faites l'exp\u00e9rience compl\u00e8te du SILT<\/h2>\t\t\t\t<\/div>\n\t\t\t\t<\/div>\n\t\t\t\t\t<\/div>\n\t\t\t\t<\/div>\n\t\t<a class=\"elementor-element elementor-element-8d2fb28 e-flex e-con-boxed e-con e-parent\" data-id=\"8d2fb28\" data-element_type=\"container\" data-e-type=\"container\" href=\"https:\/\/www.c-hotels.be\/nl\/silt\" target=\"_blank\" rel=\"noopener\">\n\t\t\t\t\t<div class=\"e-con-inner\">\n\t\t<div class=\"elementor-element elementor-element-03a4eaf e-con-full e-transform e-flex e-con e-child\" data-id=\"03a4eaf\" data-element_type=\"container\" data-e-type=\"container\" data-settings=\"{&quot;background_background&quot;:&quot;classic&quot;,&quot;_transform_flipX_effect&quot;:&quot;transform&quot;}\">\n\t\t\t\t<\/div>\n\t\t<div class=\"elementor-element elementor-element-74ad57f e-con-full e-flex e-con e-child\" data-id=\"74ad57f\" data-element_type=\"container\" data-e-type=\"container\" data-settings=\"{&quot;background_background&quot;:&quot;gradient&quot;}\">\n\t\t\t\t<div class=\"elementor-element elementor-element-746d220 elementor-widget elementor-widget-heading\" data-id=\"746d220\" data-element_type=\"widget\" data-e-type=\"widget\" data-widget_type=\"heading.default\">\n\t\t\t\t<div class=\"elementor-widget-container\">\n\t\t\t\t\t<h3 class=\"elementor-heading-title elementor-size-default\">L'h\u00f4tel<\/h3>\t\t\t\t<\/div>\n\t\t\t\t<\/div>\n\t\t\t\t<div class=\"elementor-element elementor-element-d663fd3 elementor-widget elementor-widget-text-editor\" data-id=\"d663fd3\" data-element_type=\"widget\" data-e-type=\"widget\" data-widget_type=\"text-editor.default\">\n\t\t\t\t<div class=\"elementor-widget-container\">\n\t\t\t\t\t\t\t\t\t<p>Silt, le c\u0153ur battant de Middelkerke, o\u00f9 la nature et la mer s'unissent pour une exp\u00e9rience sensorielle. D\u00e9couvrez cet h\u00f4tel quatre \u00e9toiles dot\u00e9 de 73 chambres luxueuses et d'une vue imprenable sur la mer. Pendant votre s\u00e9jour, savourez le copieux petit d\u00e9jeuner et d\u00e9tendez-vous dans l'espace bien-\u00eatre priv\u00e9 avec vue panoramique sur la plage et la mer.<\/p><p>Pendant votre s\u00e9jour, vous pourrez d\u00e9guster un petit d\u00e9jeuner copieux et vous d\u00e9tendre dans l'espace bien-\u00eatre qui offre une vue panoramique sur la plage et la mer.<\/p>\t\t\t\t\t\t\t\t<\/div>\n\t\t\t\t<\/div>\n\t\t\t\t<div class=\"elementor-element elementor-element-6ed9df0 elementor-view-stacked elementor-position-inline-end elementor-widget__width-initial knop-rood-wit elementor-mobile-position-inline-end elementor-shape-circle elementor-widget elementor-widget-icon-box\" data-id=\"6ed9df0\" data-element_type=\"widget\" data-e-type=\"widget\" data-widget_type=\"icon-box.default\">\n\t\t\t\t<div class=\"elementor-widget-container\">\n\t\t\t\t\t\t\t<div class=\"elementor-icon-box-wrapper\">\n\n\t\t\t\t\t\t<div class=\"elementor-icon-box-icon\">\n\t\t\t\t<span  class=\"elementor-icon\">\n\t\t\t\t<svg xmlns=\"http:\/\/www.w3.org\/2000\/svg\" xmlns:xlink=\"http:\/\/www.w3.org\/1999\/xlink\" id=\"Laag_1\" width=\"349\" height=\"349\" viewbox=\"0 0 349 349\"><defs><style>.cls-1{clip-path:url(#clippath-1);}.cls-2{clip-path:url(#clippath);}.cls-3{fill:none;}<\/style><clippath id=\"clippath\"><rect class=\"cls-3\" width=\"349\" height=\"349\"><\/rect><\/clippath><clippath id=\"clippath-1\"><rect class=\"cls-3\" x=\"-192.86\" y=\"-213.86\" width=\"755.71\" height=\"755.71\" transform=\"translate(-61.78 178.85) rotate(-45)\"><\/rect><\/clippath><\/defs><g class=\"cls-2\"><g class=\"cls-1\"><path d=\"m342.39,6.61l-35.9-.84L87.4.43l-1.84,75.31,131.09,3.17L.9,294.66l53.44,53.44,215.75-215.75,3.17,131.09,75.31-1.84-5.34-219.09-.84-35.91Z\"><\/path><\/g><\/g><\/svg>\t\t\t\t<\/span>\n\t\t\t<\/div>\n\t\t\t\n\t\t\t\t\t\t<div class=\"elementor-icon-box-content\">\n\n\t\t\t\t\t\t\t\t\t<span class=\"elementor-icon-box-title\">\n\t\t\t\t\t\t<span  >\n\t\t\t\t\t\t\tR\u00e9server \u00e0 l'h\u00f4tel\t\t\t\t\t\t<\/span>\n\t\t\t\t\t<\/span>\n\t\t\t\t\n\t\t\t\t\n\t\t\t<\/div>\n\t\t\t\n\t\t<\/div>\n\t\t\t\t\t\t<\/div>\n\t\t\t\t<\/div>\n\t\t\t\t<\/div>\n\t\t\t\t\t<\/div>\n\t\t\t\t<\/a>\n\t\t\t\t<\/div>","protected":false},"excerpt":{"rendered":"<p>Reserveren Reserveren Cabaret Bestel tickets Arrangementen Reserveren Ga voor de volledige ervaring van het SILT Het Hotel Silt, het kloppend hart van Middelkerke, waar natuur en zee samenkomen voor een zintuiglijke ervaring. Ontdek het viersterrenhotel met 73 luxueuze kamers en adembenemend zeezicht. Geniet tijdens je verblijf van het uitgebreid ontbijt en ontspan in de private [&hellip;]<\/p>\n","protected":false},"author":2,"featured_media":0,"parent":0,"menu_order":0,"comment_status":"closed","ping_status":"closed","template":"","meta":{"iawp_total_views":32949,"footnotes":""},"class_list":["post-32","page","type-page","status-publish","hentry"],"_links":{"self":[{"href":"https:\/\/casinomiddelkerkebetfirst.be\/fr\/wp-json\/wp\/v2\/pages\/32","targetHints":{"allow":["GET"]}}],"collection":[{"href":"https:\/\/casinomiddelkerkebetfirst.be\/fr\/wp-json\/wp\/v2\/pages"}],"about":[{"href":"https:\/\/casinomiddelkerkebetfirst.be\/fr\/wp-json\/wp\/v2\/types\/page"}],"author":[{"embeddable":true,"href":"https:\/\/casinomiddelkerkebetfirst.be\/fr\/wp-json\/wp\/v2\/users\/2"}],"replies":[{"embeddable":true,"href":"https:\/\/casinomiddelkerkebetfirst.be\/fr\/wp-json\/wp\/v2\/comments?post=32"}],"version-history":[{"count":0,"href":"https:\/\/casinomiddelkerkebetfirst.be\/fr\/wp-json\/wp\/v2\/pages\/32\/revisions"}],"wp:attachment":[{"href":"https:\/\/casinomiddelkerkebetfirst.be\/fr\/wp-json\/wp\/v2\/media?parent=32"}],"curies":[{"name":"wp","href":"https:\/\/api.w.org\/{rel}","templated":true}]}}