{"id":3176,"date":"2024-09-05T14:20:16","date_gmt":"2024-09-05T12:20:16","guid":{"rendered":"https:\/\/casinomiddelkerkebetfirst.be\/?page_id=3176"},"modified":"2025-06-13T09:51:11","modified_gmt":"2025-06-13T07:51:11","slug":"openingsuren","status":"publish","type":"page","link":"https:\/\/casinomiddelkerkebetfirst.be\/fr\/heures-douverture\/","title":{"rendered":"Heures d'ouverture"},"content":{"rendered":"<div data-elementor-type=\"wp-page\" data-elementor-id=\"3176\" class=\"elementor elementor-3176\" data-elementor-post-type=\"page\">\n\t\t\t\t<div class=\"elementor-element elementor-element-8b6e8e9 e-flex e-con-boxed e-con e-parent\" data-id=\"8b6e8e9\" data-element_type=\"container\" data-e-type=\"container\">\n\t\t\t\t\t<div class=\"e-con-inner\">\n\t\t\t\t<div class=\"elementor-element elementor-element-67460fc elementor-widget__width-initial elementor-widget elementor-widget-image\" data-id=\"67460fc\" data-element_type=\"widget\" data-e-type=\"widget\" data-widget_type=\"image.default\">\n\t\t\t\t<div class=\"elementor-widget-container\">\n\t\t\t\t\t\t\t\t\t\t\t\t\t\t\t<img decoding=\"async\" width=\"30\" height=\"30\" data-src=\"https:\/\/casinomiddelkerkebetfirst.be\/wp-content\/uploads\/2024\/02\/Klok.svg\" class=\"attachment-large size-large wp-image-650 lazyload\" alt=\"\" src=\"data:image\/svg+xml;base64,PHN2ZyB3aWR0aD0iMSIgaGVpZ2h0PSIxIiB4bWxucz0iaHR0cDovL3d3dy53My5vcmcvMjAwMC9zdmciPjwvc3ZnPg==\" style=\"--smush-placeholder-width: 30px; --smush-placeholder-aspect-ratio: 30\/30;\">\t\t\t\t\t\t\t\t\t\t\t\t\t\t\t<\/div>\n\t\t\t\t<\/div>\n\t\t\t\t<div class=\"elementor-element elementor-element-6553211 elementor-widget__width-initial elementor-widget elementor-widget-heading\" data-id=\"6553211\" data-element_type=\"widget\" data-e-type=\"widget\" data-widget_type=\"heading.default\">\n\t\t\t\t<div class=\"elementor-widget-container\">\n\t\t\t\t\t<h1 class=\"elementor-heading-title elementor-size-default\">Heures d'ouverture<\/h1>\t\t\t\t<\/div>\n\t\t\t\t<\/div>\n\t\t\t\t\t<\/div>\n\t\t\t\t<\/div>\n\t\t<div class=\"elementor-element elementor-element-1c7c6df elementor-hidden-desktop elementor-hidden-laptop elementor-hidden-tablet_extra elementor-hidden-tablet elementor-hidden-mobile_extra elementor-hidden-mobile e-flex e-con-boxed e-con e-parent\" data-id=\"1c7c6df\" data-element_type=\"container\" data-e-type=\"container\">\n\t\t\t\t\t<div class=\"e-con-inner\">\n\t\t\t\t<div class=\"elementor-element elementor-element-7b593d0 elementor-widget elementor-widget-text-editor\" data-id=\"7b593d0\" data-element_type=\"widget\" data-e-type=\"widget\" data-widget_type=\"text-editor.default\">\n\t\t\t\t<div class=\"elementor-widget-container\">\n\t\t\t\t\t\t\t\t\t<h3 class=\"elementor-heading-title elementor-size-default elementor-inline-editing pen\" contenteditable=\"true\" data-elementor-setting-key=\"title\" data-pen-placeholder=\"Hier typen...\">Nouvelles heures d'ouverture \u00e0 partir du 13 juin<\/h3><p class=\"MsoNormal\" style=\"margin: 0cm; font-size: 12pt; font-family: Calibri, sans-serif; color: #000000;\"><span style=\"font-family: Aptos, sans-serif; color: #212121;\"><br \/>Nous adaptons l\u00e9g\u00e8rement nos heures d'ouverture.<br \/>Nous resterons ouverts une heure de plus.\u00a0<br \/><\/span><\/p><p class=\"MsoNormal\" style=\"margin: 0cm; font-size: 12pt; font-family: Calibri, sans-serif; color: #000000;\"><b><span style=\"font-family: Aptos, sans-serif; color: #212121;\">Du dimanche au jeudi<\/span><\/b><span style=\"font-family: Aptos, sans-serif; color: #212121;\">\u00a0Le casino est ouvert de\u00a0<b>10:00 \u00e0 03:00<\/b><br \/><b>Vendredi et samedi<\/b>\u00a0nous vous souhaitons la bienvenue\u00a0<b>10:00 \u00e0 04:00.<\/b><\/span><\/p><p class=\"MsoNormal\" style=\"margin: 0cm; font-size: 12pt; font-family: Calibri, sans-serif; color: #000000;\"><span style=\"font-family: Aptos, sans-serif; color: #212121;\">M\u00eame ambiance, m\u00eame plaisir - avec des horaires un peu plus longs. A bient\u00f4t !<\/span><\/p>\t\t\t\t\t\t\t\t<\/div>\n\t\t\t\t<\/div>\n\t\t\t\t\t<\/div>\n\t\t\t\t<\/div>\n\t\t<div class=\"elementor-element elementor-element-2ca6749 e-flex e-con-boxed e-con e-parent\" data-id=\"2ca6749\" data-element_type=\"container\" data-e-type=\"container\">\n\t\t\t\t\t<div class=\"e-con-inner\">\n\t\t<div class=\"elementor-element elementor-element-27b4294 e-con-full e-flex e-con e-child\" data-id=\"27b4294\" data-element_type=\"container\" data-e-type=\"container\" data-settings=\"{&quot;background_background&quot;:&quot;classic&quot;}\">\n\t\t\t\t<\/div>\n\t\t<div class=\"elementor-element elementor-element-a9359f4 e-con-full e-flex e-con e-child\" data-id=\"a9359f4\" data-element_type=\"container\" data-e-type=\"container\" data-settings=\"{&quot;background_background&quot;:&quot;gradient&quot;}\">\n\t\t\t\t<div class=\"elementor-element elementor-element-d2f95eb elementor-widget elementor-widget-heading\" data-id=\"d2f95eb\" data-element_type=\"widget\" data-e-type=\"widget\" data-widget_type=\"heading.default\">\n\t\t\t\t<div class=\"elementor-widget-container\">\n\t\t\t\t\t<h2 class=\"elementor-heading-title elementor-size-default\">Heures d'ouverture g\u00e9n\u00e9rales du casino\n<\/h2>\t\t\t\t<\/div>\n\t\t\t\t<\/div>\n\t\t\t\t<div class=\"elementor-element elementor-element-5c57a30 elementor-widget elementor-widget-jet-listing-dynamic-repeater\" data-id=\"5c57a30\" data-element_type=\"widget\" data-e-type=\"widget\" id=\"repeat-open\" data-widget_type=\"jet-listing-dynamic-repeater.default\">\n\t\t\t\t<div class=\"elementor-widget-container\">\n\t\t\t\t\t<div class=\"jet-listing jet-listing-dynamic-repeater\"><div class=\"jet-listing-dynamic-repeater__items\"><div class=\"jet-listing-dynamic-repeater__item\"><span class=\"openingsuren\">\n<span class=\"openingsuren-dag\">Lundi<\/span>\n<span class=\"openingsuren-uren\">10 heures \u00e0 3 heures<\/span>\n<\/span><\/div><div class=\"jet-listing-dynamic-repeater__item\"><span class=\"openingsuren\">\n<span class=\"openingsuren-dag\">Mardi<\/span>\n<span class=\"openingsuren-uren\">10 heures \u00e0 3 heures<\/span>\n<\/span><\/div><div class=\"jet-listing-dynamic-repeater__item\"><span class=\"openingsuren\">\n<span class=\"openingsuren-dag\">Mercredi<\/span>\n<span class=\"openingsuren-uren\">10 heures \u00e0 3 heures<\/span>\n<\/span><\/div><div class=\"jet-listing-dynamic-repeater__item\"><span class=\"openingsuren\">\n<span class=\"openingsuren-dag\">Jeudi<\/span>\n<span class=\"openingsuren-uren\">10 heures \u00e0 3 heures<\/span>\n<\/span><\/div><div class=\"jet-listing-dynamic-repeater__item\"><span class=\"openingsuren\">\n<span class=\"openingsuren-dag\">Vendredi<\/span>\n<span class=\"openingsuren-uren\">10 heures \u00e0 4 heures<\/span>\n<\/span><\/div><div class=\"jet-listing-dynamic-repeater__item\"><span class=\"openingsuren\">\n<span class=\"openingsuren-dag\">Samedi<\/span>\n<span class=\"openingsuren-uren\">10 heures \u00e0 4 heures<\/span>\n<\/span><\/div><div class=\"jet-listing-dynamic-repeater__item\"><span class=\"openingsuren\">\n<span class=\"openingsuren-dag\">Dimanche<\/span>\n<span class=\"openingsuren-uren\">10 heures \u00e0 3 heures<\/span>\n<\/span><\/div><\/div><\/div>\t\t\t\t<\/div>\n\t\t\t\t<\/div>\n\t\t\t\t<\/div>\n\t\t\t\t\t<\/div>\n\t\t\t\t<\/div>\n\t\t<div class=\"elementor-element elementor-element-89cbd0a e-flex e-con-boxed e-con e-parent\" data-id=\"89cbd0a\" data-element_type=\"container\" data-e-type=\"container\">\n\t\t\t\t\t<div class=\"e-con-inner\">\n\t\t<div class=\"elementor-element elementor-element-7b0b7ee e-con-full e-flex e-con e-child\" data-id=\"7b0b7ee\" data-element_type=\"container\" data-e-type=\"container\" data-settings=\"{&quot;background_background&quot;:&quot;classic&quot;}\">\n\t\t\t\t<div class=\"elementor-element elementor-element-4393956 elementor-widget elementor-widget-heading\" data-id=\"4393956\" data-element_type=\"widget\" data-e-type=\"widget\" data-widget_type=\"heading.default\">\n\t\t\t\t<div class=\"elementor-widget-container\">\n\t\t\t\t\t<h2 class=\"elementor-heading-title elementor-size-default\">Heures d'ouverture de la roulette et du blackjack<\/h2>\t\t\t\t<\/div>\n\t\t\t\t<\/div>\n\t\t\t\t<div class=\"elementor-element elementor-element-ab551ea zwart elementor-widget elementor-widget-jet-listing-dynamic-repeater\" data-id=\"ab551ea\" data-element_type=\"widget\" data-e-type=\"widget\" id=\"repeat-open\" data-widget_type=\"jet-listing-dynamic-repeater.default\">\n\t\t\t\t<div class=\"elementor-widget-container\">\n\t\t\t\t\t<div class=\"jet-listing jet-listing-dynamic-repeater\"><div class=\"jet-listing-dynamic-repeater__items\"><div class=\"jet-listing-dynamic-repeater__item\"><span class=\"openingsuren\">\n<span class=\"openingsuren-dag\">Lundi<\/span>\n<span class=\"openingsuren-uren\">18:00 \u00e0 03:00<\/span>\n<\/span><\/div><div class=\"jet-listing-dynamic-repeater__item\"><span class=\"openingsuren\">\n<span class=\"openingsuren-dag\">Mardi<\/span>\n<span class=\"openingsuren-uren\">18:00 \u00e0 03:00<\/span>\n<\/span><\/div><div class=\"jet-listing-dynamic-repeater__item\"><span class=\"openingsuren\">\n<span class=\"openingsuren-dag\">Mercredi<\/span>\n<span class=\"openingsuren-uren\">18:00 \u00e0 03:00<\/span>\n<\/span><\/div><div class=\"jet-listing-dynamic-repeater__item\"><span class=\"openingsuren\">\n<span class=\"openingsuren-dag\">Jeudi<\/span>\n<span class=\"openingsuren-uren\">18:00 \u00e0 03:00<\/span>\n<\/span><\/div><div class=\"jet-listing-dynamic-repeater__item\"><span class=\"openingsuren\">\n<span class=\"openingsuren-dag\">Vendredi<\/span>\n<span class=\"openingsuren-uren\">18:00 \u00e0 04:00<\/span>\n<\/span><\/div><div class=\"jet-listing-dynamic-repeater__item\"><span class=\"openingsuren\">\n<span class=\"openingsuren-dag\">Samedi<\/span>\n<span class=\"openingsuren-uren\">18:00 \u00e0 04:00<\/span>\n<\/span><\/div><div class=\"jet-listing-dynamic-repeater__item\"><span class=\"openingsuren\">\n<span class=\"openingsuren-dag\">Dimanche<\/span>\n<span class=\"openingsuren-uren\">18:00 \u00e0 03:00<\/span>\n<\/span><\/div><\/div><\/div>\t\t\t\t<\/div>\n\t\t\t\t<\/div>\n\t\t\t\t<\/div>\n\t\t<div class=\"elementor-element elementor-element-fdb995d e-con-full e-flex e-con e-child\" data-id=\"fdb995d\" data-element_type=\"container\" data-e-type=\"container\" data-settings=\"{&quot;background_background&quot;:&quot;classic&quot;}\">\n\t\t\t\t<\/div>\n\t\t\t\t\t<\/div>\n\t\t\t\t<\/div>\n\t\t\t\t<\/div>","protected":false},"excerpt":{"rendered":"<p>Openingsuren Nieuwe openingsuren vanaf 13 juni We passen onze openingsuren lichtjes aan.We blijven een uur langer open.\u00a0 Van zondag tot en met donderdag\u00a0is het casino open van\u00a010:00 tot 03:00Op vrijdag en zaterdag\u00a0verwelkomen we je van\u00a010:00 tot 04:00. Zelfde sfeer, zelfde fun \u2013 met n\u00e9t iets langere uren. Tot snel! Algemene openingsuren Casino Maandag 10u00 tot [&hellip;]<\/p>\n","protected":false},"author":2,"featured_media":0,"parent":0,"menu_order":0,"comment_status":"closed","ping_status":"closed","template":"","meta":{"iawp_total_views":5193,"footnotes":""},"class_list":["post-3176","page","type-page","status-publish","hentry"],"_links":{"self":[{"href":"https:\/\/casinomiddelkerkebetfirst.be\/fr\/wp-json\/wp\/v2\/pages\/3176","targetHints":{"allow":["GET"]}}],"collection":[{"href":"https:\/\/casinomiddelkerkebetfirst.be\/fr\/wp-json\/wp\/v2\/pages"}],"about":[{"href":"https:\/\/casinomiddelkerkebetfirst.be\/fr\/wp-json\/wp\/v2\/types\/page"}],"author":[{"embeddable":true,"href":"https:\/\/casinomiddelkerkebetfirst.be\/fr\/wp-json\/wp\/v2\/users\/2"}],"replies":[{"embeddable":true,"href":"https:\/\/casinomiddelkerkebetfirst.be\/fr\/wp-json\/wp\/v2\/comments?post=3176"}],"version-history":[{"count":0,"href":"https:\/\/casinomiddelkerkebetfirst.be\/fr\/wp-json\/wp\/v2\/pages\/3176\/revisions"}],"wp:attachment":[{"href":"https:\/\/casinomiddelkerkebetfirst.be\/fr\/wp-json\/wp\/v2\/media?parent=3176"}],"curies":[{"name":"wp","href":"https:\/\/api.w.org\/{rel}","templated":true}]}}